{"id":5598,"date":"2022-04-25T13:13:09","date_gmt":"2022-04-25T13:13:09","guid":{"rendered":"https:\/\/onmar.se\/?page_id=5598"},"modified":"2025-06-02T11:03:08","modified_gmt":"2025-06-02T09:03:08","slug":"terms-conditions","status":"publish","type":"page","link":"https:\/\/onmar.com\/sv\/shop\/terms-conditions\/","title":{"rendered":"V\u00e5ra villkor"},"content":{"rendered":"<div data-elementor-type=\"wp-page\" data-elementor-id=\"5598\" class=\"elementor elementor-5598\" data-elementor-post-type=\"page\">\n\t\t\t\t\t\t<section class=\"elementor-section elementor-top-section elementor-element elementor-element-fe36da5 elementor-section-boxed elementor-section-height-default elementor-section-height-default\" data-id=\"fe36da5\" data-element_type=\"section\" data-e-type=\"section\">\n\t\t\t\t\t\t<div class=\"elementor-container elementor-column-gap-default\">\n\t\t\t\t\t<div class=\"elementor-column elementor-col-100 elementor-top-column elementor-element elementor-element-a84b481\" data-id=\"a84b481\" data-element_type=\"column\" data-e-type=\"column\">\n\t\t\t<div class=\"elementor-widget-wrap elementor-element-populated\">\n\t\t\t\t\t\t<div class=\"elementor-element elementor-element-8461479 elementor-widget elementor-widget-spacer\" data-id=\"8461479\" data-element_type=\"widget\" data-e-type=\"widget\" data-widget_type=\"spacer.default\">\n\t\t\t\t<div class=\"elementor-widget-container\">\n\t\t\t\t\t\t\t<div class=\"elementor-spacer\">\n\t\t\t<div class=\"elementor-spacer-inner\"><\/div>\n\t\t<\/div>\n\t\t\t\t\t\t<\/div>\n\t\t\t\t<\/div>\n\t\t\t\t<div class=\"elementor-element elementor-element-313b938 elementor-widget elementor-widget-heading\" data-id=\"313b938\" data-element_type=\"widget\" data-e-type=\"widget\" data-widget_type=\"heading.default\">\n\t\t\t\t<div class=\"elementor-widget-container\">\n\t\t\t\t\t<h2 class=\"elementor-heading-title elementor-size-default\">K\u00d6PVILLKOR<\/h2>\t\t\t\t<\/div>\n\t\t\t\t<\/div>\n\t\t\t\t<div class=\"elementor-element elementor-element-03207bf elementor-widget elementor-widget-heading\" data-id=\"03207bf\" data-element_type=\"widget\" data-e-type=\"widget\" data-widget_type=\"heading.default\">\n\t\t\t\t<div class=\"elementor-widget-container\">\n\t\t\t\t\t<h3 class=\"elementor-heading-title elementor-size-default\">Om du har n\u00e5gra \u00f6vriga fr\u00e5gor s\u00e5 f\u00e5r du g\u00e4rna kontakta oss!<\/h3>\t\t\t\t<\/div>\n\t\t\t\t<\/div>\n\t\t\t\t<div class=\"elementor-element elementor-element-1759300 elementor-widget elementor-widget-spacer\" data-id=\"1759300\" data-element_type=\"widget\" data-e-type=\"widget\" data-widget_type=\"spacer.default\">\n\t\t\t\t<div class=\"elementor-widget-container\">\n\t\t\t\t\t\t\t<div class=\"elementor-spacer\">\n\t\t\t<div class=\"elementor-spacer-inner\"><\/div>\n\t\t<\/div>\n\t\t\t\t\t\t<\/div>\n\t\t\t\t<\/div>\n\t\t\t\t\t<\/div>\n\t\t<\/div>\n\t\t\t\t\t<\/div>\n\t\t<\/section>\n\t\t\t\t<section class=\"elementor-section elementor-top-section elementor-element elementor-element-6e945f2 elementor-section-boxed elementor-section-height-default elementor-section-height-default\" data-id=\"6e945f2\" data-element_type=\"section\" data-e-type=\"section\">\n\t\t\t\t\t\t<div class=\"elementor-container elementor-column-gap-default\">\n\t\t\t\t\t<div class=\"elementor-column elementor-col-100 elementor-top-column elementor-element elementor-element-15c5b8b\" data-id=\"15c5b8b\" data-element_type=\"column\" data-e-type=\"column\">\n\t\t\t<div class=\"elementor-widget-wrap elementor-element-populated\">\n\t\t\t\t\t\t<div class=\"elementor-element elementor-element-6d37293 elementor-widget elementor-widget-text-editor\" data-id=\"6d37293\" data-element_type=\"widget\" data-e-type=\"widget\" data-widget_type=\"text-editor.default\">\n\t\t\t\t<div class=\"elementor-widget-container\">\n\t\t\t\t\t\t\t\t\t<h4 style=\"font-weight: 400;\"><strong>Allm\u00e4nna Villkor<\/strong><\/h4><p style=\"font-weight: 400;\">F\u00f6r att handla i v\u00e5r webbshop m\u00e5ste du vara 18 \u00e5r eller ha m\u00e5lsmans godk\u00e4nnande. Genom att skicka din best\u00e4llning bekr\u00e4ftar du \u00e4ven k\u00f6pet och v\u00e5ra f\u00f6rs\u00e4ljningsvillkor.<\/p><h4 style=\"font-weight: 400;\"><strong>Priser och \u00f6vriga kostnader<\/strong><\/h4><p style=\"font-weight: 400;\">Alla priser visas inklusive svensk moms (25%) i webbutiken. Priser och \u00f6vriga kostnader exempelvis frakt- och eventuell fakturaavgift presenteras tydligt f\u00f6r kunden innan k\u00f6p. Vi reserverar oss dock f\u00f6r felaktigheter vad g\u00e4ller produkters priser eller specifikationer.<\/p><h4 style=\"font-weight: 400;\"><strong>Moms<\/strong><\/h4><p style=\"font-weight: 400;\">Alla priser visas inklusive moms, om inget annat anges.<\/p><h4 style=\"font-weight: 400;\"><strong>Export<\/strong><\/h4><p style=\"font-weight: 400;\">Exportf\u00f6rs\u00e4ljning utanf\u00f6r EU. Svensk moms (25%) dras av direkt vid k\u00f6pet. Mottagarlandets moms och eventuella tullavgifter l\u00e4ggs senare p\u00e5 av respektive lands post\/tullverk och betalas separat av kunden.\n\nExportf\u00f6rs\u00e4ljning inom EU. Svensk moms (25%) debiteras alltid vid k\u00f6p. Momsregistrerat f\u00f6retag som kan p\u00e5visa giltigt VAT-nummer ombeds skicka in detta efter best\u00e4llning och beg\u00e4ra kredit av moms.<\/p><h4 style=\"font-weight: 400;\"><strong>Betalningsmetoder<\/strong><\/h4><p style=\"font-weight: 400;\">Onmar accepterar VISA och MasterCard.<br \/>pengarna dras direkt fr\u00e5n k\u00f6parens konto i samband med godk\u00e4nt k\u00f6p. All information r\u00f6rande transaktioner skickas krypterat via SSL (Secure Sockets Layer). Onmars samarbetspartner f\u00f6r kortbetalning \u00e4r DIBS.<br \/>Vid val av faktura eller delbetalning som betalningsmetod \u00f6verl\u00e5ter Onmar fordran till Klarna och beloppet m\u00e5ste betalas till deras konto, inte v\u00e5rt. Om betalningen inte kommer in i tid tar Klarna ut p\u00e5minnelseavgift och dr\u00f6jsm\u00e5lsr\u00e4nta. F\u00f6r aktuella avgifter och r\u00e4ntor klicka h\u00e4r.\n\nVid val av f\u00f6rskottsbetalning sker betalning till Onmars bankgiro 426-7795. Ange ordernummer\nsom referens. Observera att en f\u00f6rskottsbetalning kan ta upp till tre arbetsdagar att verifiera.<\/p><h4 style=\"font-weight: 400;\"><strong>Frakt<\/strong><\/h4><p style=\"font-weight: 400;\">Onmar will deliver all packages above 1 kg with DHL ground delivery. If you wish to receive your goods with another freight forwarder, we ask you to please contact us before placing the order. Express delivery service is available for countries outside Sweden. Please contact Onmar before placing the order for correct freight cost.<\/p><h4 style=\"font-weight: 400;\"><strong>Fraktkostnad<\/strong><\/h4><p style=\"font-weight: 400;\">Den giltiga fraktkostnaden kommer synas i din varukorg innan utcheckning<\/p><h4 style=\"font-weight: 400;\"><strong>Leverans utanf\u00f6r Sverige<\/strong><\/h4><p style=\"font-weight: 400;\">Vi levererar till alla l\u00e4nder, f\u00f6rutsatt att betalning med kreditkort har genomf\u00f6rts.<\/p><h4 style=\"font-weight: 400;\"><strong>Produkter och produktgarantier<\/strong><\/h4><p style=\"font-weight: 400;\">Alla produkter som s\u00e4ljs i webbutiken kan anv\u00e4ndas i Sverige och ska vara f\u00f6renliga med svensk lagstiftning.\n\nOnmar f\u00f6ljer naturligtvis konsumentk\u00f6plagen och l\u00e4mnar 2 \u00e5rs garanti p\u00e5 alla produkter. Produktgarantin g\u00e4ller dock inte vid olycksh\u00e4ndelse, onormal anv\u00e4ndning eller underl\u00e5tenhet att f\u00f6lja sk\u00f6tsel- och serviceanvisningar.\n\nEnligt konsumentk\u00f6plagen kan k\u00f6paren alltid reklamera tillverkningsfel p\u00e5 en vara upp till tre \u00e5r efter k\u00f6pet.<\/p><h4 style=\"font-weight: 400;\"><strong>Konsumentskyddslagen<\/strong><\/h4><p style=\"font-weight: 400;\">Onmar by Helekopter AB till\u00e4mpar Konsumentverkets riktlinjer och f\u00f6ljer d\u00e4rmed svensk lagstiftning: Konsumentskyddslagen, K\u00f6plagen samt Distansavtalslagen.<\/p><p style=\"font-weight: 400;\">Som privatkund har du d\u00e4rmed alla r\u00e4ttigheter som n\u00e4mns i Konsumentlagstiftningen, vilket bland annat inkluderar tv\u00e5 \u00e5rs reklamationsr\u00e4tt vid uppvisande av fabrikationsfel. All f\u00f6rs\u00e4ljning sker i enlighet med Konsumentskyddslagen (SFS 1990:932) och K\u00f6plagen (SFS 1990:931). L\u00e4s mer p\u00e5 Konsumentverkets webbplats. F\u00f6r att kunna handla i v\u00e5r webbshop beh\u00f6ver du fylla i alla obligatoriska f\u00e4lt vid registrering som kund. N\u00e4r du l\u00e4gger en best\u00e4llning godk\u00e4nner du samtidigt att ditt namn och personnummer registreras i v\u00e5rt kundregister. Alla personuppgifter som du l\u00e4mnar till oss, eller som vi f\u00e5r ta del av i samband med best\u00e4llning eller bes\u00f6k p\u00e5 v\u00e5r webbplats, hanteras av oss med h\u00f6g integritet i rollen som personuppgiftsansvarig. Uppgifterna anv\u00e4nds f\u00f6r att vi ska kunna uppfylla v\u00e5ra \u00e5taganden gentemot dig vid k\u00f6p, genomf\u00f6ra eventuella kreditkontroller samt f\u00f6r marknadsf\u00f6rings\u00e4ndam\u00e5l. Det \u00e4r viktigt att du l\u00e4mnar din e-postadress s\u00e5 att vi kan underl\u00e4tta kommunikationen kring din best\u00e4llning. Du har r\u00e4tt att beg\u00e4ra information om vilka personuppgifter vi har registrerat om dig. Om uppgifterna \u00e4r felaktiga, ofullst\u00e4ndiga eller irrelevanta har du r\u00e4tt att beg\u00e4ra att de r\u00e4ttas eller raderas. Vi l\u00e4mnar inte ut n\u00e5gra personuppgifter till tredje part, med undantag f\u00f6r kreditkortsbetalningar.<\/p><h4 style=\"font-weight: 400;\"><strong>Ordererk\u00e4nnande<\/strong><\/h4><p style=\"font-weight: 400;\">Det \u00e4r viktigt att du har angett din e-postadress korrekt f\u00f6r att vi ska kunna skicka en orderbekr\u00e4ftelse direkt efter att best\u00e4llningen har skickats. Om du inte mottar n\u00e5gon orderbekr\u00e4ftelse ber vi dig att kontakta oss f\u00f6r att s\u00e4kerst\u00e4lla att vi har mottagit din best\u00e4llning. I orderbekr\u00e4ftelsen hittar du den ber\u00e4knade leveranstiden.<\/p><h4 style=\"font-weight: 400;\"><strong>\u00c5ngerr\u00e4tt<\/strong><\/h4><p style=\"font-weight: 400;\">Som konsument har du r\u00e4tt att \u00e4ndra eller avbest\u00e4lla ditt k\u00f6p upp till 14 dagar fr\u00e5n det f\u00f6rv\u00e4ntade leveransdatumet. Onmar by Helekopter AB till\u00e4mpar 30 dagars \u201c\u00f6ppet k\u00f6p\u201d, vilket ger dig m\u00f6jlighet att unders\u00f6ka produkten. Om du p\u00e5verkar produktens skick p\u00e5 ett s\u00e5dant s\u00e4tt att den inte l\u00e4ngre framst\u00e5r som ny, f\u00f6rlorar du r\u00e4tten till \u201c\u00f6ppet k\u00f6p\u201d. Detta inneb\u00e4r \u00e4ven att produkten m\u00e5ste returneras i oskadat originalf\u00f6rpackning. Varan ska vara i nyskick och f\u00f6rpackningen oskadad.<\/p><p style=\"font-weight: 400;\">Fraktkostnaden f\u00f6r en retur vid \u201c\u00f6ppet k\u00f6p\u201d betalas av kunden. Onmar by Helekopter \u00e5terbetalar hela varubeloppet senast 30 dagar fr\u00e5n returdatum, f\u00f6rutsatt att produkten \u00e4r i nyskick och originalf\u00f6rpackningen \u00e4r oskadad.<\/p><h4 style=\"font-weight: 400;\"><strong>Returpolicy<\/strong><\/h4><p style=\"font-weight: 400;\" class=\"translation-block\">Observera att du m\u00e5ste kontakta oss p\u00e5 info@onmar.se innan du returnerar n\u00e5gon vara. Vid retur ska ditt namn, adress, betalningsdatum med mera anges p\u00e5 en lapp som f\u00f6ljer med returen f\u00f6r att underl\u00e4tta \u00e5terbetalningen.<\/p><h4 style=\"font-weight: 400;\"><strong>Returadress<\/strong><\/h4><p style=\"font-weight: 400;\">Onmar by Helekopter AB<br \/>Torsh\u00e4llav\u00e4gen 148<br \/>SE-633 47 Eskilstuna<br \/>Sverige<\/p><h4 style=\"font-weight: 400;\"><strong>F<\/strong><strong>\u00f6rsenad betalning <\/strong><\/h4><p style=\"font-weight: 400;\">Vid fakturabetalningar som inte betalas i tid skickar vi en betalningsp\u00e5minnelse som \u00e4ven inkluderar en p\u00e5minnelseavgift p\u00e5 50 SEK (6 euro). Ut\u00f6ver detta debiteras du en r\u00e4nta p\u00e5 +8 % av fakturabeloppet enligt svensk r\u00e4ntelag. Om du inte betalar den nya fakturan kommer du att blockeras i v\u00e5r kunddatabas. Om betalning fortfarande uteblir kommer \u00e4rendet att \u00f6verl\u00e4mnas till inkassof\u00f6retaget i ditt land, d\u00e4r p\u00e5minnelseavgift, f\u00f6rseningsr\u00e4nta samt kostnader f\u00f6r inkassof\u00f6retaget tillkommer enligt lag.<\/p><p style=\"font-weight: 400;\">Vi g\u00f6r alltid v\u00e5rt yttersta f\u00f6r att visa korrekt information p\u00e5 denna webbplats, men det finns alltid en risk f\u00f6r fel. D\u00e4rf\u00f6r reserverar vi oss f\u00f6r eventuella fel g\u00e4llande produktpriser, produktspecifikationer, sluts\u00e5lda varor, \u00e4ndringar i produktutbudet samt leveransf\u00f6rseningar som ligger utanf\u00f6r v\u00e5r kontroll.<\/p><h4 style=\"font-weight: 400;\">\u00a0<\/h4>\t\t\t\t\t\t\t\t<\/div>\n\t\t\t\t<\/div>\n\t\t\t\t\t<\/div>\n\t\t<\/div>\n\t\t\t\t\t<\/div>\n\t\t<\/section>\n\t\t\t\t<section class=\"elementor-section elementor-top-section elementor-element elementor-element-bf83811 elementor-section-boxed elementor-section-height-default elementor-section-height-default\" data-id=\"bf83811\" data-element_type=\"section\" data-e-type=\"section\" data-settings=\"{&quot;background_background&quot;:&quot;classic&quot;}\">\n\t\t\t\t\t\t<div class=\"elementor-container elementor-column-gap-default\">\n\t\t\t\t\t<div class=\"elementor-column elementor-col-25 elementor-top-column elementor-element elementor-element-6d24a73\" data-id=\"6d24a73\" data-element_type=\"column\" data-e-type=\"column\">\n\t\t\t<div class=\"elementor-widget-wrap\">\n\t\t\t\t\t\t\t<\/div>\n\t\t<\/div>\n\t\t\t\t<div class=\"elementor-column elementor-col-50 elementor-top-column elementor-element elementor-element-ffe4d45\" data-id=\"ffe4d45\" data-element_type=\"column\" data-e-type=\"column\" data-settings=\"{&quot;background_background&quot;:&quot;classic&quot;}\">\n\t\t\t<div class=\"elementor-widget-wrap elementor-element-populated\">\n\t\t\t\t\t\t<div class=\"elementor-element elementor-element-8192565 elementor-widget elementor-widget-heading\" data-id=\"8192565\" data-element_type=\"widget\" data-e-type=\"widget\" data-widget_type=\"heading.default\">\n\t\t\t\t<div class=\"elementor-widget-container\">\n\t\t\t\t\t<h2 class=\"elementor-heading-title elementor-size-default\">S\u00c4KER MED OSS<\/h2>\t\t\t\t<\/div>\n\t\t\t\t<\/div>\n\t\t\t\t<div class=\"elementor-element elementor-element-c0836fc elementor-widget elementor-widget-text-editor\" data-id=\"c0836fc\" data-element_type=\"widget\" data-e-type=\"widget\" data-widget_type=\"text-editor.default\">\n\t\t\t\t<div class=\"elementor-widget-container\">\n\t\t\t\t\t\t\t\t\t<h5>Vi \u00e4r glada att ha dig som kund! Vi str\u00e4var st\u00e4ndigt att ge dig b\u00e4sta m\u00f6jliga service och f\u00f6ljer alla lagar och rekommendationer fr\u00e5n Konsumentverket.<\/h5><p>\u00a0<\/p><h5>Om du har n\u00e5gra \u00f6vriga fr\u00e5gor s\u00e5 f\u00e5r du g\u00e4rna kontakta oss!<\/h5>\t\t\t\t\t\t\t\t<\/div>\n\t\t\t\t<\/div>\n\t\t\t\t\t<\/div>\n\t\t<\/div>\n\t\t\t\t<div class=\"elementor-column elementor-col-25 elementor-top-column elementor-element elementor-element-bf7b6c5\" data-id=\"bf7b6c5\" data-element_type=\"column\" data-e-type=\"column\">\n\t\t\t<div class=\"elementor-widget-wrap\">\n\t\t\t\t\t\t\t<\/div>\n\t\t<\/div>\n\t\t\t\t\t<\/div>\n\t\t<\/section>\n\t\t\t\t<\/div>","protected":false},"excerpt":{"rendered":"<p>TERMS &amp; CONDITIONS If you have any further questions you are always welcome to contact us! General Terms In order to buy from our web shop you have to be 18 years old or have guardian consent. By sending your order, you also confirm the purchase and our sales conditions. Prices All our prices are [&hellip;]<\/p>","protected":false},"author":1,"featured_media":0,"parent":5516,"menu_order":0,"comment_status":"closed","ping_status":"closed","template":"views\/template-singlepage.blade.php","meta":{"_acf_changed":false,"_relevanssi_hide_post":"","_relevanssi_hide_content":"","_relevanssi_pin_for_all":"","_relevanssi_pin_keywords":"","_relevanssi_unpin_keywords":"","_relevanssi_related_keywords":"","_relevanssi_related_include_ids":"","_relevanssi_related_exclude_ids":"","_relevanssi_related_no_append":"","_relevanssi_related_not_related":"","_relevanssi_related_posts":"","_relevanssi_noindex_reason":"","footnotes":""},"class_list":["post-5598","page","type-page","status-publish","hentry"],"acf":[],"_links":{"self":[{"href":"https:\/\/onmar.com\/sv\/wp-json\/wp\/v2\/pages\/5598","targetHints":{"allow":["GET"]}}],"collection":[{"href":"https:\/\/onmar.com\/sv\/wp-json\/wp\/v2\/pages"}],"about":[{"href":"https:\/\/onmar.com\/sv\/wp-json\/wp\/v2\/types\/page"}],"author":[{"embeddable":true,"href":"https:\/\/onmar.com\/sv\/wp-json\/wp\/v2\/users\/1"}],"replies":[{"embeddable":true,"href":"https:\/\/onmar.com\/sv\/wp-json\/wp\/v2\/comments?post=5598"}],"version-history":[{"count":64,"href":"https:\/\/onmar.com\/sv\/wp-json\/wp\/v2\/pages\/5598\/revisions"}],"predecessor-version":[{"id":17655,"href":"https:\/\/onmar.com\/sv\/wp-json\/wp\/v2\/pages\/5598\/revisions\/17655"}],"up":[{"embeddable":true,"href":"https:\/\/onmar.com\/sv\/wp-json\/wp\/v2\/pages\/5516"}],"wp:attachment":[{"href":"https:\/\/onmar.com\/sv\/wp-json\/wp\/v2\/media?parent=5598"}],"curies":[{"name":"wp","href":"https:\/\/api.w.org\/{rel}","templated":true}]}}