{"id":15568,"date":"2024-12-10T16:20:59","date_gmt":"2024-12-10T15:20:59","guid":{"rendered":"https:\/\/onmar.staging-digitalera.se\/?post_type=product&#038;p=15568"},"modified":"2026-04-28T07:46:35","modified_gmt":"2026-04-28T05:46:35","slug":"mccoy-star-nordic","status":"publish","type":"product","link":"https:\/\/onmar.com\/sv\/produkt\/mccoy-star-nordic\/","title":{"rendered":"MCCOY STAR NORDIC"},"content":{"rendered":"<ul>\n<li>H\u00f6gs\u00e4kerhetsl\u00e5s f\u00f6r sv\u00e4ngd\u00f6rr, separat l\u00e5sregel f\u00f6r h\u00f6gre s\u00e4kerhet, Krom Solitt marin anpassat material i l\u00e5sets alla delar.<\/li>\n<li>This product uses the Nordic handle.<\/li>\n<li>Comes with square shaped escutcheon plate.<\/li>\n<li>Finns f\u00f6r olika d\u00f6rrsvingar, d\u00f6rr tjocklekar samt med tv\u00e5 varianter av fall<\/li>\n<li>Motbleck best\u00e4lls separat<\/li>\n<li>Available with either key locking or with privacy knob.<\/li>\n<\/ul>","protected":false},"excerpt":{"rendered":"<p>High quality mortise lock for swing doors in the cabin. Available in chrome. This product uses the Nordic handle. Comes with square shaped escutcheon plate. Available with different door swing, pawl style and door thickness. Striker is ordered separately. Available with either key locking or with privacy knob.<\/p>","protected":false},"featured_media":16752,"comment_status":"open","ping_status":"closed","template":"","meta":{"_acf_changed":false,"_relevanssi_hide_post":"","_relevanssi_hide_content":"","_relevanssi_pin_for_all":"","_relevanssi_pin_keywords":"","_relevanssi_unpin_keywords":"","_relevanssi_related_keywords":"","_relevanssi_related_include_ids":"","_relevanssi_related_exclude_ids":"","_relevanssi_related_no_append":"","_relevanssi_related_not_related":"","_relevanssi_related_posts":"","_relevanssi_noindex_reason":""},"product_brand":[],"product_cat":[2097],"product_tag":[],"class_list":{"0":"post-15568","1":"product","2":"type-product","3":"status-publish","4":"has-post-thumbnail","6":"product_cat-traditional-mccoy-star","7":"pa_door-swing-left-in","8":"pa_door-swing-left-out","9":"pa_door-swing-right-in","10":"pa_door-swing-right-out","12":"first","13":"instock","14":"taxable","15":"shipping-taxable","16":"product-type-variable"},"acf":[],"_links":{"self":[{"href":"https:\/\/onmar.com\/sv\/wp-json\/wp\/v2\/product\/15568","targetHints":{"allow":["GET"]}}],"collection":[{"href":"https:\/\/onmar.com\/sv\/wp-json\/wp\/v2\/product"}],"about":[{"href":"https:\/\/onmar.com\/sv\/wp-json\/wp\/v2\/types\/product"}],"replies":[{"embeddable":true,"href":"https:\/\/onmar.com\/sv\/wp-json\/wp\/v2\/comments?post=15568"}],"wp:featuredmedia":[{"embeddable":true,"href":"https:\/\/onmar.com\/sv\/wp-json\/wp\/v2\/media\/16752"}],"wp:attachment":[{"href":"https:\/\/onmar.com\/sv\/wp-json\/wp\/v2\/media?parent=15568"}],"wp:term":[{"taxonomy":"product_brand","embeddable":true,"href":"https:\/\/onmar.com\/sv\/wp-json\/wp\/v2\/product_brand?post=15568"},{"taxonomy":"product_cat","embeddable":true,"href":"https:\/\/onmar.com\/sv\/wp-json\/wp\/v2\/product_cat?post=15568"},{"taxonomy":"product_tag","embeddable":true,"href":"https:\/\/onmar.com\/sv\/wp-json\/wp\/v2\/product_tag?post=15568"}],"curies":[{"name":"wp","href":"https:\/\/api.w.org\/{rel}","templated":true}]}}