{"id":2537,"date":"2022-03-22T10:52:10","date_gmt":"2022-03-22T10:52:10","guid":{"rendered":"https:\/\/onmar.se\/shop\/uncategorized\/mobella-flush-standard-lasbart\/"},"modified":"2026-04-09T07:45:53","modified_gmt":"2026-04-09T05:45:53","slug":"mobella-flush-standard-lasbart","status":"publish","type":"product","link":"https:\/\/onmar.com\/sv\/produkt\/mobella-flush-standard-lasbart\/","title":{"rendered":"FLUSH"},"content":{"rendered":"<ul>\n<li>Flush sliding door lock is made for thin doors in glass, acrylic or fiber glass.<\/li>\n<li>The door lock comes in three options, Standard, weatherproof or watertight.<\/li>\n<li>L\u00e5set har nyckell\u00e5sning fr\u00e5n utsidan samt \u201cprivacy knapp p\u00e5 insidan.<\/li>\n<li><a href=\"https:\/\/onmar.se\/shop\/product\/sliding-door-holder-ss316\/\">D\u00f6rrh\u00e5llare<\/a> for sliding doors are sold separately<\/li>\n<li><a href=\"https:\/\/onmar.se\/shop\/product\/flush-mounting-tool\/\">Keeper\/striker<\/a> mounting tool is ordered separately<\/li>\n<li>Door thickness 10mm or 12.5 mm. <a href=\"https:\/\/onmar.se\/shop\/product\/spacer-for-flush-1mm\/\">Spacer<\/a> is needed when doors thickness is 10 mm.<\/li>\n<\/ul>","protected":false},"excerpt":{"rendered":"<p>Flush sliding door lock is made for thin doors in glass, acrylic or fiber glass. The door lock comes in three options, Standard, weatherproof or watertight. On the outside there is a key lock and on the inside a privacy knob. Door holders for sliding doors are sold separately Keeper\/striker mounting tool is ordered separately [&hellip;]<\/p>","protected":false},"featured_media":15252,"comment_status":"open","ping_status":"closed","template":"","meta":{"_acf_changed":false,"_relevanssi_hide_post":"","_relevanssi_hide_content":"","_relevanssi_pin_for_all":"","_relevanssi_pin_keywords":"","_relevanssi_unpin_keywords":"","_relevanssi_related_keywords":"","_relevanssi_related_include_ids":"","_relevanssi_related_exclude_ids":"","_relevanssi_related_no_append":"","_relevanssi_related_not_related":"","_relevanssi_related_posts":"","_relevanssi_noindex_reason":""},"product_brand":[],"product_cat":[2077],"product_tag":[550,158,155,164,524,202],"class_list":{"0":"post-2537","1":"product","2":"type-product","3":"status-publish","4":"has-post-thumbnail","6":"product_cat-flush","7":"product_tag-flushat-las","8":"product_tag-marin","9":"product_tag-mobella","10":"product_tag-onmar","11":"product_tag-skjutdorrslas","12":"product_tag-southco","13":"pa_color-aluminum","14":"pa_color-black","15":"pa_color-stainless-steel","16":"pa_color-white","18":"first","19":"instock","20":"featured","21":"taxable","22":"shipping-taxable","23":"purchasable","24":"product-type-variable"},"acf":[],"_links":{"self":[{"href":"https:\/\/onmar.com\/sv\/wp-json\/wp\/v2\/product\/2537","targetHints":{"allow":["GET"]}}],"collection":[{"href":"https:\/\/onmar.com\/sv\/wp-json\/wp\/v2\/product"}],"about":[{"href":"https:\/\/onmar.com\/sv\/wp-json\/wp\/v2\/types\/product"}],"replies":[{"embeddable":true,"href":"https:\/\/onmar.com\/sv\/wp-json\/wp\/v2\/comments?post=2537"}],"wp:featuredmedia":[{"embeddable":true,"href":"https:\/\/onmar.com\/sv\/wp-json\/wp\/v2\/media\/15252"}],"wp:attachment":[{"href":"https:\/\/onmar.com\/sv\/wp-json\/wp\/v2\/media?parent=2537"}],"wp:term":[{"taxonomy":"product_brand","embeddable":true,"href":"https:\/\/onmar.com\/sv\/wp-json\/wp\/v2\/product_brand?post=2537"},{"taxonomy":"product_cat","embeddable":true,"href":"https:\/\/onmar.com\/sv\/wp-json\/wp\/v2\/product_cat?post=2537"},{"taxonomy":"product_tag","embeddable":true,"href":"https:\/\/onmar.com\/sv\/wp-json\/wp\/v2\/product_tag?post=2537"}],"curies":[{"name":"wp","href":"https:\/\/api.w.org\/{rel}","templated":true}]}}