{"id":2561,"date":"2022-03-22T10:53:08","date_gmt":"2022-03-22T10:53:08","guid":{"rendered":"https:\/\/onmar.se\/shop\/uncategorized\/mobella-flush-oval-lasbart\/"},"modified":"2026-05-03T07:45:16","modified_gmt":"2026-05-03T05:45:16","slug":"mobella-flush-oval-lasbart","status":"publish","type":"product","link":"https:\/\/onmar.com\/sv\/produkt\/mobella-flush-oval-lasbart\/","title":{"rendered":"FLUSH OVAL"},"content":{"rendered":"<ul>\n<li>Flush oval \u00e4r ett skjutd\u00f6rrl\u00e5s, passer f\u00f6r glas, akryl eller glasfiberd\u00f6rrar.<\/li>\n<li>L\u00e5set levereras I tre olika utf\u00f6randen, standard, weatherproof eller watertight.<\/li>\n<li>L\u00e5set har nyckell\u00e5sning fr\u00e5n utsidan samt \u201cprivacy knapp p\u00e5 insidan.<\/li>\n<li>Fits the door thicknesses 10mm or 12.5 mm. <a href=\"https:\/\/onmar.se\/shop\/product\/spacer-for-flush-1mm\/\">Spacer<\/a> is needed when the doors thickness is 10 mm<\/li>\n<li><a href=\"https:\/\/onmar.se\/shop\/product\/flush-mounting-tool\/\">Keeper<\/a> mounting tool is sold separately.<\/li>\n<li><a href=\"https:\/\/onmar.se\/shop\/product\/sliding-door-holder-ss316\/\">Holders<\/a> for sliding doors are sold separately.<\/li>\n<\/ul>","protected":false},"excerpt":{"rendered":"<p><span style=\"color: #0000ff;\"><a href=\"\/sv\/pub_docs\/files\/produktinfo\/mobella-flush.pdf\/\" target=\"_blank\" rel=\"noopener\"><span style=\"font-size: medium; font-family: arial; color: #0000ff;\"><strong>Installationsmanual <\/strong><\/span><\/a><\/span><\/p>\n<p><span style=\"font-size: medium; font-family: arial;\"><strong>Support:<\/strong><br \/>\n<span style=\"color: #0000ff;\"><a title=\"Keycode star\" href=\"http:\/\/www.onmar.se\/pub_docs\/files\/produktinfo\/key_code.jpg\" target=\"_blank\" rel=\"noopener\"><span style=\"font-size: medium; font-family: arial; color: #0000ff;\">Nyckelkod <\/span><\/a> <a href=\"\/sv\/mobella-fyrkantsnyckel-p-107-c-328.aspx\/\" target=\"_blank\" rel=\"noopener\"><span style=\"color: #0000ff;\"><br \/>\n<span style=\"font-size: medium; font-family: arial;\">Reservnyckel <\/span><\/span><\/a><\/span><\/span><\/p>\n<p><span style=\"font-size: medium; font-family: arial;\"><strong>Tillbeh\u00f6r:<\/strong><br \/>\nSe relaterade produkter<\/span><\/p>\n<p><span style=\"font-size: medium; font-family: arial;\"><strong>Aktivering av barnsp\u00e4rr:<\/strong><\/span><\/p>\n<p><object width=\"300\" height=\"150\"><\/object><\/p>","protected":false},"featured_media":15268,"comment_status":"open","ping_status":"closed","template":"","meta":{"_acf_changed":false,"_relevanssi_hide_post":"","_relevanssi_hide_content":"","_relevanssi_pin_for_all":"","_relevanssi_pin_keywords":"","_relevanssi_unpin_keywords":"","_relevanssi_related_keywords":"","_relevanssi_related_include_ids":"","_relevanssi_related_exclude_ids":"","_relevanssi_related_no_append":"","_relevanssi_related_not_related":"","_relevanssi_related_posts":"","_relevanssi_noindex_reason":""},"product_brand":[],"product_cat":[2077],"product_tag":[351,155,557,369],"class_list":{"0":"post-2561","1":"product","2":"type-product","3":"status-publish","4":"has-post-thumbnail","6":"product_cat-flush","7":"product_tag-flush","8":"product_tag-mobella","9":"product_tag-skjutdorrlas","10":"product_tag-southco-marine","11":"pa_typ-standard","12":"pa_typ-waterproof","13":"pa_typ-watertight","14":"pa_typ-weather-proof","15":"pa_typ-weatherproof","17":"first","18":"instock","19":"featured","20":"taxable","21":"shipping-taxable","22":"purchasable","23":"product-type-variable"},"acf":[],"_links":{"self":[{"href":"https:\/\/onmar.com\/sv\/wp-json\/wp\/v2\/product\/2561","targetHints":{"allow":["GET"]}}],"collection":[{"href":"https:\/\/onmar.com\/sv\/wp-json\/wp\/v2\/product"}],"about":[{"href":"https:\/\/onmar.com\/sv\/wp-json\/wp\/v2\/types\/product"}],"replies":[{"embeddable":true,"href":"https:\/\/onmar.com\/sv\/wp-json\/wp\/v2\/comments?post=2561"}],"wp:featuredmedia":[{"embeddable":true,"href":"https:\/\/onmar.com\/sv\/wp-json\/wp\/v2\/media\/15268"}],"wp:attachment":[{"href":"https:\/\/onmar.com\/sv\/wp-json\/wp\/v2\/media?parent=2561"}],"wp:term":[{"taxonomy":"product_brand","embeddable":true,"href":"https:\/\/onmar.com\/sv\/wp-json\/wp\/v2\/product_brand?post=2561"},{"taxonomy":"product_cat","embeddable":true,"href":"https:\/\/onmar.com\/sv\/wp-json\/wp\/v2\/product_cat?post=2561"},{"taxonomy":"product_tag","embeddable":true,"href":"https:\/\/onmar.com\/sv\/wp-json\/wp\/v2\/product_tag?post=2561"}],"curies":[{"name":"wp","href":"https:\/\/api.w.org\/{rel}","templated":true}]}}