{"id":2577,"date":"2022-03-22T10:53:39","date_gmt":"2022-03-22T10:53:39","guid":{"rendered":"https:\/\/onmar.se\/shop\/uncategorized\/mobella-proflush-lasbart\/"},"modified":"2026-04-21T07:45:48","modified_gmt":"2026-04-21T05:45:48","slug":"mobella-proflush-lasbart","status":"publish","type":"product","link":"https:\/\/onmar.com\/sv\/produkt\/mobella-proflush-lasbart\/","title":{"rendered":"PRO FLUSH"},"content":{"rendered":"<ul>\n<li>H\u00f6gs\u00e4kerhetsl\u00e5s f\u00f6r tunna skjutd\u00f6rrar i glas, akryl eller glasfiber.<\/li>\n<li>Insides t\u00e4tning ger vattent\u00e4tt l\u00e5s. L\u00e5set kan justeras med hj\u00e4lp av justerskruvar mellan 9-13mm.<\/li>\n<li>Finns i designen rektangul\u00e4r eller oval form samt med tv\u00e5 olika l\u00e5ssystem. MIM alternativt h\u00f6gs\u00e4kerhet (Star).<\/li>\n<li>D\u00f6rrh\u00e5llare samt monteringsverktyg s\u00e4lj separat, se l\u00e4nkar<\/li>\n<\/ul>","protected":false},"excerpt":{"rendered":"<p><a href=\"\/sv\/pub_docs\/files\/produktinfo\/proflush.pdf\/\" target=\"_blank\" rel=\"noopener\"><span style=\"font-size: medium; font-family: arial;\"><strong><span style=\"color: blue;\">Produktbeskrivning <\/span><\/strong><\/span><\/a><\/p>\n<p><span style=\"font-size: medium; font-family: arial;\"><strong>Support:<\/strong><br \/>\n<a title=\"Keycode star\" href=\"http:\/\/www.onmar.se\/pub_docs\/files\/produktinfo\/key_code.jpg\" target=\"_blank\" rel=\"noopener\"><span style=\"font-size: medium; font-family: arial;\"><span style=\"color: blue;\">Nyckelkod<\/span><\/span> <\/a> <a href=\"http:\/\/www.onmar.se\/mobella-starnyckel-p-108-c-328.aspx\" target=\"_blank\" rel=\"noopener\"><br \/>\n<span style=\"font-size: medium; font-family: arial;\"><span style=\"color: blue;\">Reservnyckel<\/span> <\/span><\/a><\/span><\/p>\n<p><span style=\"font-size: medium; font-family: arial;\"><strong>Tillbeh\u00f6r:<\/strong><br \/>\nSe relaterade produkter<\/span><\/p>\n<p><object width=\"300\" height=\"150\"><\/object><\/p>","protected":false},"featured_media":15279,"comment_status":"open","ping_status":"closed","template":"","meta":{"_acf_changed":false,"_relevanssi_hide_post":"","_relevanssi_hide_content":"","_relevanssi_pin_for_all":"","_relevanssi_pin_keywords":"","_relevanssi_unpin_keywords":"","_relevanssi_related_keywords":"","_relevanssi_related_include_ids":"","_relevanssi_related_exclude_ids":"","_relevanssi_related_no_append":"","_relevanssi_related_not_related":"","_relevanssi_related_posts":"","_relevanssi_noindex_reason":""},"product_brand":[],"product_cat":[2077],"product_tag":[],"class_list":{"0":"post-2577","1":"product","2":"type-product","3":"status-publish","4":"has-post-thumbnail","6":"product_cat-flush","8":"first","9":"onbackorder","10":"taxable","11":"shipping-taxable","12":"purchasable","13":"product-type-variable"},"acf":[],"_links":{"self":[{"href":"https:\/\/onmar.com\/sv\/wp-json\/wp\/v2\/product\/2577","targetHints":{"allow":["GET"]}}],"collection":[{"href":"https:\/\/onmar.com\/sv\/wp-json\/wp\/v2\/product"}],"about":[{"href":"https:\/\/onmar.com\/sv\/wp-json\/wp\/v2\/types\/product"}],"replies":[{"embeddable":true,"href":"https:\/\/onmar.com\/sv\/wp-json\/wp\/v2\/comments?post=2577"}],"wp:featuredmedia":[{"embeddable":true,"href":"https:\/\/onmar.com\/sv\/wp-json\/wp\/v2\/media\/15279"}],"wp:attachment":[{"href":"https:\/\/onmar.com\/sv\/wp-json\/wp\/v2\/media?parent=2577"}],"wp:term":[{"taxonomy":"product_brand","embeddable":true,"href":"https:\/\/onmar.com\/sv\/wp-json\/wp\/v2\/product_brand?post=2577"},{"taxonomy":"product_cat","embeddable":true,"href":"https:\/\/onmar.com\/sv\/wp-json\/wp\/v2\/product_cat?post=2577"},{"taxonomy":"product_tag","embeddable":true,"href":"https:\/\/onmar.com\/sv\/wp-json\/wp\/v2\/product_tag?post=2577"}],"curies":[{"name":"wp","href":"https:\/\/api.w.org\/{rel}","templated":true}]}}