{"id":2674,"date":"2022-03-22T10:55:37","date_gmt":"2022-03-22T09:55:37","guid":{"rendered":"https:\/\/onmar.se\/shop\/uncategorized\/offshore-krom-instickslas\/"},"modified":"2026-04-16T07:45:43","modified_gmt":"2026-04-16T05:45:43","slug":"offshore-krom-instickslas","status":"publish","type":"product","link":"https:\/\/onmar.com\/sv\/produkt\/offshore-krom-instickslas\/","title":{"rendered":"OFFSHORE MORTISE"},"content":{"rendered":"<ul>\n<li>Offshore is a mortise mount lock suitable for swing doors between 18-37 mm.<\/li>\n<li>Available with privacy knob or key locking.<\/li>\n<li>Motbleck best\u00e4lls separat<\/li>\n<li>Available in aluminum and chrome finish.<\/li>\n<li>See related products for offshore flush mount, suitable for doors between 12.5-21 mm.<\/li>\n<\/ul>\n<p>*Observera att artikelnumret \u00e4ndras n\u00e4r du v\u00e4ljer bland produktalternativen nedan<\/p>","protected":false},"excerpt":{"rendered":"<p><span style=\"color: #0000ff;\"><a href=\"\/sv\/pub_docs\/files\/produktinfo\/installationsmanual_offshore.jpg\/\" target=\"_blank\" rel=\"noopener\"><span style=\"font-size: medium; font-family: arial; color: #0000ff;\"><strong>Installationsmanual <\/strong><\/span><\/a><\/span><\/p>\n<p><span style=\"color: #0000ff;\"><a href=\"\/sv\/pub_docs\/files\/produktinfo\/ME-offshore-mortside-version.pdf\/\" target=\"_blank\" rel=\"noopener\"><span style=\"font-size: medium; font-family: arial; color: #0000ff;\"> <strong>Produktbeskrivning <\/strong><\/span><\/a><\/span><\/p>\n<p><span style=\"font-size: medium; font-family: arial;\"><strong>Support:<\/strong><br \/>\n<span style=\"color: #0000ff;\"><a href=\"\/sv\/pub_docs\/files\/produktinfo\/Lock_offshore_No.jpg.pdf\/\" target=\"_blank\" rel=\"noopener\"><span style=\"font-size: medium; font-family: arial; color: #0000ff;\">Nyckelkod<\/span><\/a><\/span><\/span><\/p>\n<p><span style=\"font-size: medium; font-family: arial;\"><strong>Tillbeh\u00f6r:<\/strong><br \/>\nSe relaterade produkter<\/span><\/p>\n<p><object width=\"300\" height=\"150\"><\/object><\/p>","protected":false},"featured_media":18324,"comment_status":"open","ping_status":"closed","template":"","meta":{"_acf_changed":false,"_relevanssi_hide_post":"","_relevanssi_hide_content":"","_relevanssi_pin_for_all":"","_relevanssi_pin_keywords":"","_relevanssi_unpin_keywords":"","_relevanssi_related_keywords":"","_relevanssi_related_include_ids":"","_relevanssi_related_exclude_ids":"","_relevanssi_related_no_append":"","_relevanssi_related_not_related":"","_relevanssi_related_posts":"","_relevanssi_noindex_reason":""},"product_brand":[],"product_cat":[2071],"product_tag":[167,510,158,155,202,562],"class_list":{"0":"post-2674","1":"product","2":"type-product","3":"status-publish","4":"has-post-thumbnail","6":"product_cat-offshore","7":"product_tag-batlas","8":"product_tag-dorrlas","9":"product_tag-marin","10":"product_tag-mobella","11":"product_tag-southco","12":"product_tag-tunna-dorrrar","13":"pa_door-swing-left-in","14":"pa_door-swing-left-out","15":"pa_door-swing-right-in","16":"pa_door-swing-right-out","17":"pa_finish-aluminum","18":"pa_finish-chrome","20":"first","21":"instock","22":"taxable","23":"shipping-taxable","24":"purchasable","25":"product-type-variable"},"acf":[],"_links":{"self":[{"href":"https:\/\/onmar.com\/sv\/wp-json\/wp\/v2\/product\/2674","targetHints":{"allow":["GET"]}}],"collection":[{"href":"https:\/\/onmar.com\/sv\/wp-json\/wp\/v2\/product"}],"about":[{"href":"https:\/\/onmar.com\/sv\/wp-json\/wp\/v2\/types\/product"}],"replies":[{"embeddable":true,"href":"https:\/\/onmar.com\/sv\/wp-json\/wp\/v2\/comments?post=2674"}],"wp:featuredmedia":[{"embeddable":true,"href":"https:\/\/onmar.com\/sv\/wp-json\/wp\/v2\/media\/18324"}],"wp:attachment":[{"href":"https:\/\/onmar.com\/sv\/wp-json\/wp\/v2\/media?parent=2674"}],"wp:term":[{"taxonomy":"product_brand","embeddable":true,"href":"https:\/\/onmar.com\/sv\/wp-json\/wp\/v2\/product_brand?post=2674"},{"taxonomy":"product_cat","embeddable":true,"href":"https:\/\/onmar.com\/sv\/wp-json\/wp\/v2\/product_cat?post=2674"},{"taxonomy":"product_tag","embeddable":true,"href":"https:\/\/onmar.com\/sv\/wp-json\/wp\/v2\/product_tag?post=2674"}],"curies":[{"name":"wp","href":"https:\/\/api.w.org\/{rel}","templated":true}]}}