{"id":2793,"date":"2022-03-22T10:57:28","date_gmt":"2022-03-22T10:57:28","guid":{"rendered":"https:\/\/onmar.se\/shop\/uncategorized\/mobella-singlestar\/"},"modified":"2026-04-09T07:45:53","modified_gmt":"2026-04-09T05:45:53","slug":"mobella-singlestar","status":"publish","type":"product","link":"https:\/\/onmar.com\/sv\/produkt\/mobella-singlestar\/","title":{"rendered":"SINGLE STAR"},"content":{"rendered":"<ul>\n<li>Designat s\u00e4kerhetsl\u00e5s med skjutregel.<\/li>\n<li>Kan anv\u00e4ndas i nedg\u00e5ngsluckor eller som extra l\u00e5sning i andra d\u00f6rrkombinationer.<\/li>\n<li>See last picture in the slide to figure out which door swing\/slide you need<\/li>\n<li>Passar d\u00f6rrtjocklek mellan 22 \u2013 45mm<\/li>\n<li>L\u00e5sets inside vred f\u00e4stes i h\u00e5let med hullingf\u00f6rsett grepp.<\/li>\n<li>Levereras med tv\u00e5 nycklar.<\/li>\n<li>Motbleck best\u00e4lls separat<\/li>\n<\/ul>","protected":false},"excerpt":{"rendered":"<p>Simple and stylish lock with a slide bolt. Suitable for washboards and as a extra lock protection in other door configurations. See last picture in the slide to figure out which door swing\/slide you need Fits door thicknesses between 22-45mm. Inside turn knob can be easily fitted in the hole which has a barbed grip. [&hellip;]<\/p>","protected":false},"featured_media":15184,"comment_status":"open","ping_status":"closed","template":"","meta":{"_acf_changed":false,"_relevanssi_hide_post":"","_relevanssi_hide_content":"","_relevanssi_pin_for_all":"","_relevanssi_pin_keywords":"","_relevanssi_unpin_keywords":"","_relevanssi_related_keywords":"","_relevanssi_related_include_ids":"","_relevanssi_related_exclude_ids":"","_relevanssi_related_no_append":"","_relevanssi_related_not_related":"","_relevanssi_related_posts":"","_relevanssi_noindex_reason":""},"product_brand":[],"product_cat":[2036],"product_tag":[158,155,164,578,202],"class_list":{"0":"post-2793","1":"product","2":"type-product","3":"status-publish","4":"has-post-thumbnail","6":"product_cat-companionway-door","7":"product_tag-marin","8":"product_tag-mobella","9":"product_tag-onmar","10":"product_tag-singlestar","11":"product_tag-southco","12":"pa_door-swing-left","13":"pa_door-swing-right-alt-companionway-door","15":"first","16":"instock","17":"taxable","18":"shipping-taxable","19":"purchasable","20":"product-type-variable"},"acf":[],"_links":{"self":[{"href":"https:\/\/onmar.com\/sv\/wp-json\/wp\/v2\/product\/2793","targetHints":{"allow":["GET"]}}],"collection":[{"href":"https:\/\/onmar.com\/sv\/wp-json\/wp\/v2\/product"}],"about":[{"href":"https:\/\/onmar.com\/sv\/wp-json\/wp\/v2\/types\/product"}],"replies":[{"embeddable":true,"href":"https:\/\/onmar.com\/sv\/wp-json\/wp\/v2\/comments?post=2793"}],"wp:featuredmedia":[{"embeddable":true,"href":"https:\/\/onmar.com\/sv\/wp-json\/wp\/v2\/media\/15184"}],"wp:attachment":[{"href":"https:\/\/onmar.com\/sv\/wp-json\/wp\/v2\/media?parent=2793"}],"wp:term":[{"taxonomy":"product_brand","embeddable":true,"href":"https:\/\/onmar.com\/sv\/wp-json\/wp\/v2\/product_brand?post=2793"},{"taxonomy":"product_cat","embeddable":true,"href":"https:\/\/onmar.com\/sv\/wp-json\/wp\/v2\/product_cat?post=2793"},{"taxonomy":"product_tag","embeddable":true,"href":"https:\/\/onmar.com\/sv\/wp-json\/wp\/v2\/product_tag?post=2793"}],"curies":[{"name":"wp","href":"https:\/\/api.w.org\/{rel}","templated":true}]}}