{"id":3073,"date":"2022-03-22T11:02:20","date_gmt":"2022-03-22T10:02:20","guid":{"rendered":"https:\/\/onmar.se\/shop\/uncategorized\/mobella-slim-instickslas-lasbart-2\/"},"modified":"2026-05-01T07:46:05","modified_gmt":"2026-05-01T05:46:05","slug":"mobella-slim-instickslas-lasbart","status":"publish","type":"product","link":"https:\/\/onmar.com\/sv\/produkt\/mobella-slim-instickslas-lasbart\/","title":{"rendered":"SLIM (LOCKABLE)"},"content":{"rendered":"<ul>\n<li>Onmar Slim door lock is a very traditional marine lock, produced in Sweden for over 60 years.<\/li>\n<li>Designed for mortise installation.<\/li>\n<li>L\u00e5ses med nyckel b\u00e5de fr\u00e5n utsidan och p\u00e5 insidan<\/li>\n<li>Without key lock and privacy is also available, see the products family group.<\/li>\n<li>Passar d\u00f6rrtjocklekar mellan 19-45mm<\/li>\n<\/ul>","protected":false},"excerpt":{"rendered":"<p><a href=\"\/sv\/pub_docs\/files\/produktinfo\/Slim-Swing_product-information_blk.pdf\/\" target=\"_blank\" rel=\"noopener\"><span style=\"font-size: medium; font-family: arial;\"><strong><span style=\"color: blue;\">Installationsmanual <\/span><\/strong><\/span><\/a><\/p>\n<p><a href=\"\/sv\/pub_docs\/files\/produktinfo\/SlimSwing_webb.pdf\/\" target=\"_blank\" rel=\"noopener\"><span style=\"font-size: medium; font-family: arial;\"><strong><span style=\"color: blue;\">Produktbeskrivning<\/span> <\/strong><\/span><\/a><\/p>\n<p><span style=\"font-size: medium; font-family: arial;\"><strong>Support:<\/strong><br \/>\n<a href=\"\/sv\/pub_docs\/files\/produktinfo\/SpareKey_webb.pdf\/\" target=\"_blank\" rel=\"noopener\"><span style=\"font-size: medium; font-family: arial;\"><span style=\"color: blue;\">Nyckelkod<\/span><\/span><\/a> <a href=\"\/sv\/mobella-fyrkantsnyckel-p-569.aspx\/\" target=\"_blank\" rel=\"noopener\"><br \/>\n<span style=\"font-size: medium; font-family: arial;\"><span style=\"color: blue;\">Reservnyckel <\/span><\/span><\/a><\/span><\/p>\n<p><span style=\"font-size: medium; font-family: arial;\"><strong>Tillbeh\u00f6r:<\/strong><br \/>\nSe relaterade produkter<\/span><\/p>","protected":false},"featured_media":3074,"comment_status":"open","ping_status":"closed","template":"","meta":{"_acf_changed":false,"_relevanssi_hide_post":"","_relevanssi_hide_content":"","_relevanssi_pin_for_all":"","_relevanssi_pin_keywords":"","_relevanssi_unpin_keywords":"","_relevanssi_related_keywords":"","_relevanssi_related_include_ids":"","_relevanssi_related_exclude_ids":"","_relevanssi_related_no_append":"","_relevanssi_related_not_related":"","_relevanssi_related_posts":"","_relevanssi_noindex_reason":""},"product_brand":[],"product_cat":[2075],"product_tag":[1044,1045,158,164,1046,202],"class_list":{"0":"post-3073","1":"product","2":"type-product","3":"status-publish","4":"has-post-thumbnail","6":"product_cat-classic","7":"product_tag-instckslas","8":"product_tag-lasbart-instickslas","9":"product_tag-marin","10":"product_tag-onmar","11":"product_tag-slim-insitickslas","12":"product_tag-southco","13":"pa_door-swing-right-in-ri-left-out-lo","14":"pa_door-swing-right-out-ro-left-in-li","16":"first","17":"instock","18":"taxable","19":"shipping-taxable","20":"purchasable","21":"product-type-variable"},"acf":[],"_links":{"self":[{"href":"https:\/\/onmar.com\/sv\/wp-json\/wp\/v2\/product\/3073","targetHints":{"allow":["GET"]}}],"collection":[{"href":"https:\/\/onmar.com\/sv\/wp-json\/wp\/v2\/product"}],"about":[{"href":"https:\/\/onmar.com\/sv\/wp-json\/wp\/v2\/types\/product"}],"replies":[{"embeddable":true,"href":"https:\/\/onmar.com\/sv\/wp-json\/wp\/v2\/comments?post=3073"}],"wp:featuredmedia":[{"embeddable":true,"href":"https:\/\/onmar.com\/sv\/wp-json\/wp\/v2\/media\/3074"}],"wp:attachment":[{"href":"https:\/\/onmar.com\/sv\/wp-json\/wp\/v2\/media?parent=3073"}],"wp:term":[{"taxonomy":"product_brand","embeddable":true,"href":"https:\/\/onmar.com\/sv\/wp-json\/wp\/v2\/product_brand?post=3073"},{"taxonomy":"product_cat","embeddable":true,"href":"https:\/\/onmar.com\/sv\/wp-json\/wp\/v2\/product_cat?post=3073"},{"taxonomy":"product_tag","embeddable":true,"href":"https:\/\/onmar.com\/sv\/wp-json\/wp\/v2\/product_tag?post=3073"}],"curies":[{"name":"wp","href":"https:\/\/api.w.org\/{rel}","templated":true}]}}