{"id":3215,"date":"2022-03-22T11:50:44","date_gmt":"2022-03-22T11:50:44","guid":{"rendered":"https:\/\/onmar.se\/shop\/uncategorized\/huvudstrombrytare\/"},"modified":"2026-04-09T07:38:36","modified_gmt":"2026-04-09T05:38:36","slug":"huvudstrombrytare","status":"publish","type":"product","link":"https:\/\/onmar.com\/sv\/produkt\/huvudstrombrytare\/","title":{"rendered":"ROTARY BATTERY SWITCH"},"content":{"rendered":"<ul>\n<li>Huvudstr\u00f6mbrytare f\u00f6r hela b\u00e5ten. Till\u00e5ter viss anpassning.<\/li>\n<\/ul>","protected":false},"excerpt":{"rendered":"<p>Huvudstr\u00f6mbrytare f\u00f6r hela b\u00e5ten. Till\u00e5ter viss anpassning.<\/p>","protected":false},"featured_media":10716,"comment_status":"open","ping_status":"closed","template":"","meta":{"_acf_changed":false,"_relevanssi_hide_post":"","_relevanssi_hide_content":"","_relevanssi_pin_for_all":"","_relevanssi_pin_keywords":"","_relevanssi_unpin_keywords":"","_relevanssi_related_keywords":"","_relevanssi_related_include_ids":"","_relevanssi_related_exclude_ids":"","_relevanssi_related_no_append":"","_relevanssi_related_not_related":"","_relevanssi_related_posts":"","_relevanssi_noindex_reason":""},"product_brand":[],"product_cat":[2069],"product_tag":[],"class_list":{"0":"post-3215","1":"product","2":"type-product","3":"status-publish","4":"has-post-thumbnail","6":"product_cat-clearance","8":"first","9":"instock","10":"taxable","11":"shipping-taxable","12":"purchasable","13":"product-type-simple"},"acf":[],"_links":{"self":[{"href":"https:\/\/onmar.com\/sv\/wp-json\/wp\/v2\/product\/3215","targetHints":{"allow":["GET"]}}],"collection":[{"href":"https:\/\/onmar.com\/sv\/wp-json\/wp\/v2\/product"}],"about":[{"href":"https:\/\/onmar.com\/sv\/wp-json\/wp\/v2\/types\/product"}],"replies":[{"embeddable":true,"href":"https:\/\/onmar.com\/sv\/wp-json\/wp\/v2\/comments?post=3215"}],"wp:featuredmedia":[{"embeddable":true,"href":"https:\/\/onmar.com\/sv\/wp-json\/wp\/v2\/media\/10716"}],"wp:attachment":[{"href":"https:\/\/onmar.com\/sv\/wp-json\/wp\/v2\/media?parent=3215"}],"wp:term":[{"taxonomy":"product_brand","embeddable":true,"href":"https:\/\/onmar.com\/sv\/wp-json\/wp\/v2\/product_brand?post=3215"},{"taxonomy":"product_cat","embeddable":true,"href":"https:\/\/onmar.com\/sv\/wp-json\/wp\/v2\/product_cat?post=3215"},{"taxonomy":"product_tag","embeddable":true,"href":"https:\/\/onmar.com\/sv\/wp-json\/wp\/v2\/product_tag?post=3215"}],"curies":[{"name":"wp","href":"https:\/\/api.w.org\/{rel}","templated":true}]}}