{"id":4216,"date":"2022-03-22T13:07:51","date_gmt":"2022-03-22T13:07:51","guid":{"rendered":"https:\/\/onmar.se\/shop\/uncategorized\/mobella-starsailor\/"},"modified":"2026-04-21T07:45:47","modified_gmt":"2026-04-21T05:45:47","slug":"mobella-starsailor","status":"publish","type":"product","link":"https:\/\/onmar.com\/sv\/produkt\/mobella-starsailor\/","title":{"rendered":"STAR SAILOR"},"content":{"rendered":"<ul>\n<li>L\u00e5s i polerad rostfri st\u00e5l. Passar f\u00f6r nedg\u00e5ngsluckor, vikd\u00f6rrar eller andra d\u00f6rrkombinationer.<\/li>\n<li>Passar d\u00f6rrtjocklek 10, 12, 20 eller 22mm<\/li>\n<li>F\u00f6r d\u00f6rrtjocklek 10 alternativ 20mm ska en spacer anv\u00e4ndas<\/li>\n<li>Spacer s\u00e4ljs separat artikel nummer MG-05-115<\/li>\n<li>Motbleck s\u00e4ljs separat, se under dokument<\/li>\n<li>Tv\u00e5 nycklar f\u00f6ljer med l\u00e5set.<\/li>\n<li>Striker s\u00e4ljs separat<\/li>\n<\/ul>","protected":false},"excerpt":{"rendered":"<p><span style=\"color: #0000ff;\"><a href=\"\/sv\/pub_docs\/files\/produktinfo\/MG-star-sailor-installationsmanual.pdf\/\" target=\"_blank\" rel=\"noopener\"><span style=\"font-size: medium; font-family: arial; color: #0000ff;\"><strong>Installationsmanual <\/strong><\/span><\/a><\/span><\/p>\n<p><span style=\"font-size: medium; font-family: arial;\"><strong>Support:<\/strong><br \/>\n<span style=\"color: #0000ff;\"><a href=\"http:\/\/www.onmar.se\/pub_docs\/files\/produktinfo\/Star-sailor-key-combination.pdf\" target=\"_blank\" rel=\"noopener\"><span style=\"font-size: medium; font-family: arial; color: #0000ff;\">Nyckelkod<\/span><\/a> <a href=\"http:\/\/www.onmar.se\/mobella-starnyckel-p-108-c-328.aspx\" target=\"_blank\" rel=\"noopener\"><span style=\"color: #0000ff;\"><br \/>\n<span style=\"font-size: medium; font-family: arial;\">Reservnyckel <\/span><\/span><\/a><\/span><\/span><\/p>\n<p><span style=\"font-size: medium; font-family: arial;\"><strong>Tillbeh\u00f6r:<\/strong><br \/>\nSe relaterade produkter<\/span><\/p>","protected":false},"featured_media":15177,"comment_status":"open","ping_status":"closed","template":"","meta":{"_acf_changed":false,"_relevanssi_hide_post":"","_relevanssi_hide_content":"","_relevanssi_pin_for_all":"","_relevanssi_pin_keywords":"","_relevanssi_unpin_keywords":"","_relevanssi_related_keywords":"","_relevanssi_related_include_ids":"","_relevanssi_related_exclude_ids":"","_relevanssi_related_no_append":"","_relevanssi_related_not_related":"","_relevanssi_related_posts":"","_relevanssi_noindex_reason":""},"product_brand":[],"product_cat":[2036],"product_tag":[575,155,558,164,159,573,858],"class_list":{"0":"post-4216","1":"product","2":"type-product","3":"status-publish","4":"has-post-thumbnail","6":"product_cat-companionway-door","7":"product_tag-las","8":"product_tag-mobella","9":"product_tag-nedgangslucka","10":"product_tag-onmar","11":"product_tag-rostfritt","12":"product_tag-secure","13":"product_tag-segelbat","15":"first","16":"instock","17":"taxable","18":"shipping-taxable","19":"purchasable","20":"product-type-variable"},"acf":[],"_links":{"self":[{"href":"https:\/\/onmar.com\/sv\/wp-json\/wp\/v2\/product\/4216","targetHints":{"allow":["GET"]}}],"collection":[{"href":"https:\/\/onmar.com\/sv\/wp-json\/wp\/v2\/product"}],"about":[{"href":"https:\/\/onmar.com\/sv\/wp-json\/wp\/v2\/types\/product"}],"replies":[{"embeddable":true,"href":"https:\/\/onmar.com\/sv\/wp-json\/wp\/v2\/comments?post=4216"}],"wp:featuredmedia":[{"embeddable":true,"href":"https:\/\/onmar.com\/sv\/wp-json\/wp\/v2\/media\/15177"}],"wp:attachment":[{"href":"https:\/\/onmar.com\/sv\/wp-json\/wp\/v2\/media?parent=4216"}],"wp:term":[{"taxonomy":"product_brand","embeddable":true,"href":"https:\/\/onmar.com\/sv\/wp-json\/wp\/v2\/product_brand?post=4216"},{"taxonomy":"product_cat","embeddable":true,"href":"https:\/\/onmar.com\/sv\/wp-json\/wp\/v2\/product_cat?post=4216"},{"taxonomy":"product_tag","embeddable":true,"href":"https:\/\/onmar.com\/sv\/wp-json\/wp\/v2\/product_tag?post=4216"}],"curies":[{"name":"wp","href":"https:\/\/api.w.org\/{rel}","templated":true}]}}